{"id":108,"date":"2014-08-31T09:14:02","date_gmt":"2014-08-31T09:14:02","guid":{"rendered":"http:\/\/brocantedubatiment.fr\/?page_id=108"},"modified":"2017-07-02T07:33:07","modified_gmt":"2017-07-02T07:33:07","slug":"bienvenue","status":"publish","type":"page","link":"https:\/\/brocantedubatiment.fr\/","title":{"rendered":"Accueil"},"content":{"rendered":"<p><em><span style=\"color: #333333;\"><img loading=\"lazy\" decoding=\"async\" class=\"aligncenter wp-image-2307 size-full\" src=\"https:\/\/brocantedubatiment.fr\/wp-content\/uploads\/2014\/11\/phrase.png\" alt=\"phrase\" width=\"638\" height=\"204\" srcset=\"https:\/\/brocantedubatiment.fr\/wp-content\/uploads\/2014\/11\/phrase.png 638w, https:\/\/brocantedubatiment.fr\/wp-content\/uploads\/2014\/11\/phrase-300x96.png 300w, https:\/\/brocantedubatiment.fr\/wp-content\/uploads\/2014\/11\/phrase-600x192.png 600w\" sizes=\"auto, (max-width: 638px) 100vw, 638px\" \/><\/span><\/em><em><span style=\"color: #333333;\">Bienvenue sur le site de la Brocante du B\u00e2timent !<\/span><\/em><\/p>\n<p><strong><em><span style=\"color: #333333;\">Destin\u00e9e \u00e0 une client\u00e8le de particuliers et de professionnels, fruit d&rsquo;une d\u00e9marche \u00e9conomique et \u00e9cologique, le site internet la Brocante du B\u00e2timent vous propose divers objets et mat\u00e9riaux de r\u00e9cup\u00e9ration, accessibles dans nos diff\u00e9rentes rubriques ou par recherche de mots-cl\u00e9s. Tous ces objets et mat\u00e9riaux sont accessibles, pr\u00e9sent\u00e9s et vendus exclusivement dans notre boutique \u00e0 Strasbourg, en accord avec les conditions g\u00e9n\u00e9rales de vente indiqu\u00e9es en cette m\u00eame boutique.<\/span><\/em><\/strong><\/p>\n<p><em><span style=\"text-decoration: underline;\"><span style=\"color: #99cc00; text-decoration: underline;\"><strong>Nouveau sur Strasbourg:<\/strong><\/span><\/span><\/em><\/p>\n<p><em><strong><span style=\"color: #99cc00;\">A\u00e9rogommage de votre ancien mobilier, pi\u00e8ces en\u00a0ferronnerie, tous mat\u00e9riaux : portes en bois,<\/span><\/strong><span style=\"color: #99cc00;\"><b>cadres de fen\u00eatres,volets, etc.<\/b><\/span><\/em><\/p>\n<p>Achat et retrait des marchandises uniquement en boutique et sur<strong> rendez-vous,<\/strong>\u00a0aucune vente en ligne ou par correspondance. Livraison apr\u00e8s achat possible et \u00e0 convenir si besoin.<\/p>\n<p>Si vous \u00eates int\u00e9ress\u00e9 par un produit, merci de bien vouloir nous joindre par t\u00e9l\u00e9phone au 03.88.415.766 ou par mail : <a href=\"mailto:info@brocantedubatiment.fr\">info@brocantedubatiment.fr<\/a><\/p>\n<p><span style=\"text-decoration: underline;\">N&rsquo;h\u00e9sitez pas \u00e0 nous contacter pour :\u00a0<\/span>D\u00e9blaiement de caves, garages, combles, greniers, appartements, maisons.<\/p>\n","protected":false},"excerpt":{"rendered":"<p>Bienvenue sur le site de la Brocante du B\u00e2timent ! Destin\u00e9e \u00e0 une client\u00e8le de particuliers et de professionnels, fruit d&rsquo;une d\u00e9marche \u00e9conomique et \u00e9cologique, le site internet la Brocante du B\u00e2timent vous propose divers objets et mat\u00e9riaux de r\u00e9cup\u00e9ration, accessibles dans nos diff\u00e9rentes rubriques ou par recherche de mots-cl\u00e9s. Tous ces objets et mat\u00e9riaux [&hellip;]<\/p>\n","protected":false},"author":1,"featured_media":0,"parent":0,"menu_order":3,"comment_status":"closed","ping_status":"closed","template":"","meta":{"footnotes":""},"class_list":["post-108","page","type-page","status-publish","czr-hentry"],"_links":{"self":[{"href":"https:\/\/brocantedubatiment.fr\/index.php?rest_route=\/wp\/v2\/pages\/108","targetHints":{"allow":["GET"]}}],"collection":[{"href":"https:\/\/brocantedubatiment.fr\/index.php?rest_route=\/wp\/v2\/pages"}],"about":[{"href":"https:\/\/brocantedubatiment.fr\/index.php?rest_route=\/wp\/v2\/types\/page"}],"author":[{"embeddable":true,"href":"https:\/\/brocantedubatiment.fr\/index.php?rest_route=\/wp\/v2\/users\/1"}],"replies":[{"embeddable":true,"href":"https:\/\/brocantedubatiment.fr\/index.php?rest_route=%2Fwp%2Fv2%2Fcomments&post=108"}],"version-history":[{"count":112,"href":"https:\/\/brocantedubatiment.fr\/index.php?rest_route=\/wp\/v2\/pages\/108\/revisions"}],"predecessor-version":[{"id":4154,"href":"https:\/\/brocantedubatiment.fr\/index.php?rest_route=\/wp\/v2\/pages\/108\/revisions\/4154"}],"wp:attachment":[{"href":"https:\/\/brocantedubatiment.fr\/index.php?rest_route=%2Fwp%2Fv2%2Fmedia&parent=108"}],"curies":[{"name":"wp","href":"https:\/\/api.w.org\/{rel}","templated":true}]}}