{"id":1514,"date":"2014-10-20T12:24:44","date_gmt":"2014-10-20T12:24:44","guid":{"rendered":"http:\/\/brocantedubatiment.fr\/?page_id=1514"},"modified":"2017-09-21T06:52:24","modified_gmt":"2017-09-21T06:52:24","slug":"exemple-de-renovation","status":"publish","type":"page","link":"https:\/\/brocantedubatiment.fr\/?page_id=1514","title":{"rendered":"Exemple de r\u00e9cup\u00e9ration"},"content":{"rendered":"<p><a href=\"https:\/\/brocantedubatiment.fr\/wp-content\/uploads\/2014\/10\/DSC_00054.jpg\"><img loading=\"lazy\" decoding=\"async\" class=\"alignleft wp-image-1369 size-full\" src=\"https:\/\/brocantedubatiment.fr\/wp-content\/uploads\/2014\/10\/DSC_00054.jpg\" alt=\"DSC_0005\" width=\"300\" height=\"200\" \/><\/a><\/p>\n<address>\u00a0<\/address>\n<address><strong>Un exemple de r\u00e9cup\u00e9ration au restaurant \u00ab\u00a0Le Bateau du Rhin\u00a0\u00bb, au 20, rue du Port du Rhin \u00e0 Strasbourg :\u00a0<\/strong><\/address>\n<address><strong>Exclusivement r\u00e9alis\u00e9e \u00e0 partir de portes anciennes cette pi\u00e8ce a le charme des demeures d\u2019autrefois.<\/strong><\/address>\n<address><strong>Les portes ont \u00e9t\u00e9 d\u00e9cap\u00e9es et vitrifi\u00e9es laissant le veinage du bois unifi\u00e9.<img loading=\"lazy\" decoding=\"async\" class=\"alignleft wp-image-1370 size-full\" src=\"https:\/\/brocantedubatiment.fr\/wp-content\/uploads\/2014\/10\/DSC_00065.jpg\" alt=\"DSC_0006\" width=\"300\" height=\"200\" \/><\/strong><\/address>\n<p><a href=\"https:\/\/brocantedubatiment.fr\/wp-content\/uploads\/2014\/10\/DSC_00046.jpg\"><img loading=\"lazy\" decoding=\"async\" class=\"alignleft wp-image-1368 size-full\" src=\"https:\/\/brocantedubatiment.fr\/wp-content\/uploads\/2014\/10\/DSC_00046.jpg\" alt=\"DSC_0004\" width=\"300\" height=\"200\" \/><\/a> <a href=\"https:\/\/brocantedubatiment.fr\/wp-content\/uploads\/2014\/10\/DSC_00025.jpg\"><img loading=\"lazy\" decoding=\"async\" class=\"alignleft wp-image-1366 size-full\" src=\"https:\/\/brocantedubatiment.fr\/wp-content\/uploads\/2014\/10\/DSC_00025.jpg\" alt=\"DSC_0002\" width=\"300\" height=\"200\" \/><\/a> <a href=\"https:\/\/brocantedubatiment.fr\/wp-content\/uploads\/2014\/10\/DSC_00014.jpg\"><img loading=\"lazy\" decoding=\"async\" class=\"alignleft wp-image-1365 size-full\" src=\"https:\/\/brocantedubatiment.fr\/wp-content\/uploads\/2014\/10\/DSC_00014.jpg\" alt=\"DSC_0001\" width=\"300\" height=\"200\" \/><\/a><\/p>\n","protected":false},"excerpt":{"rendered":"<p>\u00a0 Un exemple de r\u00e9cup\u00e9ration au restaurant \u00ab\u00a0Le Bateau du Rhin\u00a0\u00bb, au 20, rue du Port du Rhin \u00e0 Strasbourg :\u00a0 Exclusivement r\u00e9alis\u00e9e \u00e0 partir de portes anciennes cette pi\u00e8ce a le charme des demeures d\u2019autrefois. Les portes ont \u00e9t\u00e9 d\u00e9cap\u00e9es et vitrifi\u00e9es laissant le veinage du bois unifi\u00e9.<\/p>\n","protected":false},"author":1,"featured_media":0,"parent":0,"menu_order":1,"comment_status":"closed","ping_status":"closed","template":"","meta":{"footnotes":""},"class_list":["post-1514","page","type-page","status-publish","czr-hentry"],"_links":{"self":[{"href":"https:\/\/brocantedubatiment.fr\/index.php?rest_route=\/wp\/v2\/pages\/1514","targetHints":{"allow":["GET"]}}],"collection":[{"href":"https:\/\/brocantedubatiment.fr\/index.php?rest_route=\/wp\/v2\/pages"}],"about":[{"href":"https:\/\/brocantedubatiment.fr\/index.php?rest_route=\/wp\/v2\/types\/page"}],"author":[{"embeddable":true,"href":"https:\/\/brocantedubatiment.fr\/index.php?rest_route=\/wp\/v2\/users\/1"}],"replies":[{"embeddable":true,"href":"https:\/\/brocantedubatiment.fr\/index.php?rest_route=%2Fwp%2Fv2%2Fcomments&post=1514"}],"version-history":[{"count":8,"href":"https:\/\/brocantedubatiment.fr\/index.php?rest_route=\/wp\/v2\/pages\/1514\/revisions"}],"predecessor-version":[{"id":4200,"href":"https:\/\/brocantedubatiment.fr\/index.php?rest_route=\/wp\/v2\/pages\/1514\/revisions\/4200"}],"wp:attachment":[{"href":"https:\/\/brocantedubatiment.fr\/index.php?rest_route=%2Fwp%2Fv2%2Fmedia&parent=1514"}],"curies":[{"name":"wp","href":"https:\/\/api.w.org\/{rel}","templated":true}]}}